{"id":13906,"date":"2026-02-09T17:44:45","date_gmt":"2026-02-09T17:44:45","guid":{"rendered":"https:\/\/tayspavn.com\/?page_id=13906"},"modified":"2026-02-12T09:05:01","modified_gmt":"2026-02-12T09:05:01","slug":"%e9%a2%84%e7%ba%a6","status":"publish","type":"page","link":"https:\/\/tayspavn.com\/zh\/dat-lich\/","title":{"rendered":"Booking"},"content":{"rendered":"<div data-elementor-type=\"wp-page\" data-elementor-id=\"13906\" class=\"elementor elementor-13906\" data-elementor-post-type=\"page\">\n\t\t\t\t<div class=\"elementor-element elementor-element-2a515be e-flex e-con-boxed e-con e-parent\" data-id=\"2a515be\" data-element_type=\"container\" data-e-type=\"container\" data-settings=\"{&quot;background_background&quot;:&quot;classic&quot;}\">\t\t\t<div class=\"e-con-inner\">\r\n\t\t<div class=\"elementor-element elementor-element-69a3186 e-con-full e-flex e-con e-child\" data-id=\"69a3186\" data-element_type=\"container\" data-e-type=\"container\" data-settings=\"{&quot;background_background&quot;:&quot;classic&quot;}\">\t\t<div class=\"elementor-element elementor-element-3779f89 elementor-widget elementor-widget-heading\" data-id=\"3779f89\" data-element_type=\"widget\" data-e-type=\"widget\" data-widget_type=\"heading.default\">\n\t\t\t\t\t<h2 class=\"elementor-heading-title elementor-size-default\">\u9884\u7ea6 <\/h2>\t\t\t\t<\/div>\n\t\t\t\t<div class=\"elementor-element elementor-element-1f1ac5a elementor-widget elementor-widget-html\" data-id=\"1f1ac5a\" data-element_type=\"widget\" data-e-type=\"widget\" data-widget_type=\"html.default\">\n\t\t\t\t\t\n<div class=\"wpcf7 no-js\" id=\"wpcf7-f14234-o1\" lang=\"vi\" dir=\"ltr\" data-wpcf7-id=\"14234\">\n<div class=\"screen-reader-response\"><p role=\"status\" aria-live=\"polite\" aria-atomic=\"true\"><\/p> <ul><\/ul><\/div>\n<form action=\"\/zh\/wp-json\/wp\/v2\/pages\/13906#wpcf7-f14234-o1\" method=\"post\" class=\"wpcf7-form init\" aria-label=\"Form li\u00ean h\u1ec7\" novalidate=\"novalidate\" data-status=\"init\" data-trp-original-action=\"\/zh\/wp-json\/wp\/v2\/pages\/13906#wpcf7-f14234-o1\">\n<fieldset class=\"hidden-fields-container\"><input type=\"hidden\" name=\"_wpcf7\" value=\"14234\" \/><input type=\"hidden\" name=\"_wpcf7_version\" value=\"6.1.4\" \/><input type=\"hidden\" name=\"_wpcf7_locale\" value=\"vi\" \/><input type=\"hidden\" name=\"_wpcf7_unit_tag\" value=\"wpcf7-f14234-o1\" \/><input type=\"hidden\" name=\"_wpcf7_container_post\" value=\"0\" \/><input type=\"hidden\" name=\"_wpcf7_posted_data_hash\" value=\"\" \/>\n<\/fieldset>\n<div class=\"booking-form\">\n\t<div class=\"form-row\">\n\t\t<div class=\"form-col\">\n\t\t\t<p><label>\u59d3\u540d \/ Your Name *<\/label><br \/>\n<span class=\"wpcf7-form-control-wrap\" data-name=\"your-name\"><input size=\"40\" maxlength=\"400\" class=\"wpcf7-form-control wpcf7-text wpcf7-validates-as-required\" aria-required=\"true\" aria-invalid=\"false\" placeholder=\"\u4f8b\uff1aMs. Anna Nguyen\" value=\"\" type=\"text\" name=\"your-name\" \/><\/span>\n\t\t\t<\/p>\n\t\t<\/div>\n\t\t<div class=\"form-col\">\n\t\t\t<p><label>\u7535\u8bdd\u53f7\u7801 \/ Phone *<\/label><br \/>\n<span class=\"wpcf7-form-control-wrap\" data-name=\"your-phone\"><input size=\"40\" maxlength=\"400\" class=\"wpcf7-form-control wpcf7-tel wpcf7-validates-as-required wpcf7-text wpcf7-validates-as-tel\" aria-required=\"true\" aria-invalid=\"false\" placeholder=\"+84... (Zalo\/WhatsApp)\" value=\"\" type=\"tel\" name=\"your-phone\" \/><\/span>\n\t\t\t<\/p>\n\t\t<\/div>\n\t<\/div>\n\t<div class=\"form-row\">\n\t\t<div class=\"form-col\">\n\t\t\t<p><label>\u4eba\u6570 \/ Guests *<\/label><br \/>\n<span class=\"wpcf7-form-control-wrap\" data-name=\"guests\"><select class=\"wpcf7-form-control wpcf7-select wpcf7-validates-as-required\" aria-required=\"true\" aria-invalid=\"false\" name=\"guests\"><option value=\"1 Ng\u01b0\u1eddi\">1 \u4eba<\/option><option value=\"2 Ng\u01b0\u1eddi\">2 \u4eba<\/option><option value=\"3 Ng\u01b0\u1eddi\">3 \u4eba<\/option><option value=\"4 Ng\u01b0\u1eddi\">4 \u4eba<\/option><option value=\"5+ Ng\u01b0\u1eddi\">5 \u4eba\u4ee5\u4e0a<\/option><\/select><\/span>\n\t\t\t<\/p>\n\t\t<\/div>\n\t\t<div class=\"form-col\">\n\t\t\t<p><label>\u65e5\u671f\u4e0e\u65f6\u95f4 \/ Date &amp; Time *<\/label>\n\t\t\t<\/p>\n\t\t\t<div class=\"datetime-row\">\n\t\t\t\t<p><span class=\"wpcf7-form-control-wrap\" data-name=\"booking-date\"><input class=\"wpcf7-form-control wpcf7-date wpcf7-validates-as-required wpcf7-validates-as-date\" aria-required=\"true\" aria-invalid=\"false\" value=\"\" type=\"date\" name=\"booking-date\" \/><\/span><br \/>\n<span class=\"wpcf7-form-control-wrap\" data-name=\"booking-time\"><select class=\"wpcf7-form-control wpcf7-select wpcf7-validates-as-required\" aria-required=\"true\" aria-invalid=\"false\" name=\"booking-time\"><option value=\"09:00\">09:00<\/option><option value=\"10:00\">10:00<\/option><option value=\"11:00\">11:00<\/option><option value=\"12:00\">12:00<\/option><option value=\"13:00\">13:00<\/option><option value=\"14:00\">14:00<\/option><option value=\"15:00\">15:00<\/option><option value=\"16:00\">16:00<\/option><option value=\"17:00\">17:00<\/option><option value=\"18:00\">18:00<\/option><\/select><\/span>\n\t\t\t\t<\/p>\n\t\t\t<\/div>\n\t\t<\/div>\n\t<\/div>\n\t<div class=\"pickup-box\">\n\t\t<p><label class=\"pickup-title\"><br \/>\n\u514d\u8d39\u63a5\u9001\u670d\u52a1 \/ Free Pick-up Service?<br \/>\n<\/label>\n\t\t<\/p>\n\t\t<p><span class=\"wpcf7-form-control-wrap\" data-name=\"pickup-service\"><span class=\"wpcf7-form-control wpcf7-radio\"><span class=\"wpcf7-list-item first\"><label><input type=\"radio\" name=\"pickup-service\" value=\"C\u00f3, vui l\u00f2ng \u0111\u00f3n t\u00f4i (Yes, please)\" checked=\"checked\" \/><span class=\"wpcf7-list-item-label\">\u662f\u7684\uff0c\u8bf7\u63a5\u6211 (Yes, please)<\/span><\/label><\/span><span class=\"wpcf7-list-item last\"><label><input type=\"radio\" name=\"pickup-service\" value=\"Kh\u00f4ng, t\u00f4i t\u1ef1 \u0111\u1ebfn (No, thanks)\" \/><span class=\"wpcf7-list-item-label\">\u4e0d\u9700\u8981\uff0c\u6211\u81ea\u884c\u524d\u5f80 (No, thanks)<\/span><\/label><\/span><\/span><\/span>\n\t\t<\/p>\n\t\t<p><label>\u9152\u5e97\u5730\u5740 \/ Hotel Name &amp; Room:<\/label><br \/>\n<span class=\"wpcf7-form-control-wrap\" data-name=\"hotel-address\"><textarea cols=\"40\" rows=\"10\" maxlength=\"2000\" class=\"wpcf7-form-control wpcf7-textarea\" aria-invalid=\"false\" placeholder=\"\u4f8b\uff1aMovenpick Resort - 101\u623f\u95f4...\" name=\"hotel-address\"><\/textarea><\/span>\n\t\t<\/p>\n\t<\/div>\n\t<div class=\"submit-wrap\">\n\t\t<p><input class=\"wpcf7-form-control wpcf7-submit has-spinner\" type=\"submit\" value=\"\u786e\u8ba4\u9884\u8ba2\" \/>\n\t\t<\/p>\n\t<\/div>\n<\/div><div class=\"wpcf7-response-output\" aria-hidden=\"true\"><\/div>\n<input type=\"hidden\" name=\"trp-form-language\" value=\"zh\"\/><\/form>\n<\/div>\n\t\t\t\t<\/div>\n\t\t\t\t<\/div>\r\n\t\t\t\t\t<\/div>\r\n\t\t\t\t<\/div>\r\n\t\t\t\t<\/div>","protected":false},"excerpt":{"rendered":"<p>\u9884\u7ea6<\/p>","protected":false},"author":1,"featured_media":0,"parent":0,"menu_order":0,"comment_status":"closed","ping_status":"closed","template":"","meta":{"footnotes":""},"class_list":["post-13906","page","type-page","status-publish","hentry"],"_links":{"self":[{"href":"https:\/\/tayspavn.com\/zh\/wp-json\/wp\/v2\/pages\/13906","targetHints":{"allow":["GET"]}}],"collection":[{"href":"https:\/\/tayspavn.com\/zh\/wp-json\/wp\/v2\/pages"}],"about":[{"href":"https:\/\/tayspavn.com\/zh\/wp-json\/wp\/v2\/types\/page"}],"author":[{"embeddable":true,"href":"https:\/\/tayspavn.com\/zh\/wp-json\/wp\/v2\/users\/1"}],"replies":[{"embeddable":true,"href":"https:\/\/tayspavn.com\/zh\/wp-json\/wp\/v2\/comments?post=13906"}],"version-history":[{"count":91,"href":"https:\/\/tayspavn.com\/zh\/wp-json\/wp\/v2\/pages\/13906\/revisions"}],"predecessor-version":[{"id":14390,"href":"https:\/\/tayspavn.com\/zh\/wp-json\/wp\/v2\/pages\/13906\/revisions\/14390"}],"wp:attachment":[{"href":"https:\/\/tayspavn.com\/zh\/wp-json\/wp\/v2\/media?parent=13906"}],"curies":[{"name":"wp","href":"https:\/\/api.w.org\/{rel}","templated":true}]}}