{"id":14391,"date":"2026-02-12T09:07:45","date_gmt":"2026-02-12T09:07:45","guid":{"rendered":"https:\/\/tayspavn.com\/?page_id=14391"},"modified":"2026-02-12T09:35:23","modified_gmt":"2026-02-12T09:35:23","slug":"novosti","status":"publish","type":"page","link":"https:\/\/tayspavn.com\/ru\/tin-tuc\/","title":{"rendered":"\u041d\u043e\u0432\u043e\u0441\u0442\u0438"},"content":{"rendered":"<div data-elementor-type=\"wp-page\" data-elementor-id=\"14391\" class=\"elementor elementor-14391\" data-elementor-post-type=\"page\">\n\t\t\t\t        <section class=\"elementor-section elementor-top-section elementor-element elementor-element-d7b232c elementor-section-boxed elementor-section-height-default elementor-section-height-default pxl-type-header-none pxl-bg-color-none pxl-row-scroll-none\" data-id=\"d7b232c\" data-element_type=\"section\" data-e-type=\"section\" data-settings=\"{&quot;background_background&quot;:&quot;classic&quot;}\">\n\n                            <div class=\"elementor-background-overlay\"><\/div>\n            \n                <div class=\"elementor-container elementor-column-gap-extended\">\n                <div class=\"elementor-column elementor-col-100 elementor-top-column elementor-element elementor-element-9e5691e pxl-column-none\" data-id=\"9e5691e\" data-element_type=\"column\" data-e-type=\"column\">\r\n        <div class=\"elementor-widget-wrap elementor-element-populated\">\r\n                     \r\n        \t\t<div class=\"elementor-element elementor-element-820a9b7 elementor-widget elementor-widget-pxl_heading\" data-id=\"820a9b7\" data-element_type=\"widget\" data-e-type=\"widget\" data-widget_type=\"pxl_heading.default\">\n\t\t\t\t<div class=\"elementor-widget-container\">\n\t\t\t\t\t<div class=\"pxl-heading\">\n\t<div class=\"pxl-heading--inner\">\n\t\t<h1 class=\"pxl-item--title\" data-wow-delay=\"ms\">\n\t\t\t\u041d\u043e\u0432\u043e\u0441\u0442\u0438\t\t\n\t\t<\/h1>\n\t\t\t<\/div>\n<\/div>\t\t\t\t<\/div>\n\t\t\t\t<\/div>\n\t\t            <\/div>\r\n        <\/div>\r\n        \t\t\t<\/div>\n\t\t<\/section>\n\t\t        <section class=\"elementor-section elementor-top-section elementor-element elementor-element-e225a6e elementor-section-boxed elementor-section-height-default elementor-section-height-default pxl-type-header-none pxl-bg-color-none pxl-row-scroll-none\" data-id=\"e225a6e\" data-element_type=\"section\" data-e-type=\"section\" data-settings=\"{&quot;background_background&quot;:&quot;classic&quot;}\">\n\n                \n                <div class=\"elementor-container elementor-column-gap-extended\">\n                <div class=\"elementor-column elementor-col-100 elementor-top-column elementor-element elementor-element-997ee93 pxl-column-none\" data-id=\"997ee93\" data-element_type=\"column\" data-e-type=\"column\">\r\n        <div class=\"elementor-widget-wrap elementor-element-populated\">\r\n                     \r\n        \t\t<div class=\"elementor-element elementor-element-e0663a5 elementor-widget elementor-widget-pxl_text_editor\" data-id=\"e0663a5\" data-element_type=\"widget\" data-e-type=\"widget\" data-widget_type=\"pxl_text_editor.default\">\n\t\t\t\t<div class=\"elementor-widget-container\">\n\t\t\t\t\t<div class=\"pxl-text-editor\">\n\t<div class=\"pxl-item--inner\" data-wow-delay=\"ms\">\n\t\t<p>\u041d\u043e\u0432\u043e\u0441\u0442\u0438<\/p>\t<\/div>\n<\/div>\t\t\t\t<\/div>\n\t\t\t\t<\/div>\n\t\t\t\t<div class=\"elementor-element elementor-element-bb20c51 elementor-widget elementor-widget-pxl_heading\" data-id=\"bb20c51\" data-element_type=\"widget\" data-e-type=\"widget\" data-widget_type=\"pxl_heading.default\">\n\t\t\t\t<div class=\"elementor-widget-container\">\n\t\t\t\t\t<div class=\"pxl-heading\">\n\t<div class=\"pxl-heading--inner\">\n\t\t<h3 class=\"pxl-item--title\" data-wow-delay=\"ms\">\n\t\t\t\t\t\t\t\t<span class=\"pxl-item--text\">\n\t\t\t            <span class=\"pxl-text--slide\"><span class=\"wow letter\">\u041f\u043e\u0434\u0435\u043b\u0438\u0442\u044c\u0441\u044f<\/span><\/span> <span class=\"pxl-text--slide\"><span class=\"wow letter\">\u043e\u0431<\/span><\/span> <span class=\"pxl-text--slide\"><span class=\"wow letter\">\u043a\u0440\u0430\u0441\u043e\u0442\u0435<\/span><\/span> <span class=\"pxl-text--slide\"><span class=\"wow letter\">\u0438<\/span><\/span> <span class=\"pxl-text--slide\"><span class=\"wow letter\">\u0443\u0445\u043e\u0434\u0435<\/span><\/span> <span class=\"pxl-text--slide\"><span class=\"wow letter\">&#038;<\/span><\/span> <span class=\"pxl-text--slide\"><span class=\"wow letter\">\u0437\u0430<\/span><\/span> <span class=\"pxl-text--slide\"><span class=\"wow letter\">\u043a\u043e\u0436\u0435\u0439<\/span><\/span> <span class=\"pxl-text--slide\"><span class=\"wow letter\">\u0427\u0438\u0442\u0430\u0442\u044c \u0434\u0430\u043b\u0435\u0435<\/span><\/span>\t\t\t        <\/span>\n\t\t\t\t\t\t\n\t\t<\/h3>\n\t\t\t<\/div>\n<\/div>\t\t\t\t<\/div>\n\t\t\t\t<\/div>\n\t\t\t\t<div class=\"elementor-element elementor-element-6d44c7a post-layout-post-2 elementor-widget elementor-widget-pxl_post_carousel\" data-id=\"6d44c7a\" data-element_type=\"widget\" data-e-type=\"widget\" data-widget_type=\"pxl_post_carousel.default\">\n\t\t\t\t<div class=\"elementor-widget-container\">\n\t\t\t\t\t\n    <div class=\"pxl-swiper-sliders pxl-post-carousel pxl-post-carousel2 pxl-swiper-boxshadow layout-style3\">\n        <div class=\"pxl-carousel-inner\">\n            <div class=\"pxl-swiper-container\" dir=\"ltr\" data-settings=\"{&quot;slide_direction&quot;:&quot;horizontal&quot;,&quot;slide_percolumn&quot;:&quot;1&quot;,&quot;slide_percolumnfill&quot;:&quot;1&quot;,&quot;slide_mode&quot;:&quot;slide&quot;,&quot;slides_to_show&quot;:&quot;3&quot;,&quot;slides_to_show_xxl&quot;:&quot;3&quot;,&quot;slides_to_show_lg&quot;:&quot;3&quot;,&quot;slides_to_show_md&quot;:&quot;2&quot;,&quot;slides_to_show_sm&quot;:&quot;2&quot;,&quot;slides_to_show_xs&quot;:&quot;1&quot;,&quot;slides_to_scroll&quot;:&quot;1&quot;,&quot;slides_gutter&quot;:30,&quot;arrow&quot;:&quot;false&quot;,&quot;pagination&quot;:&quot;false&quot;,&quot;pagination_type&quot;:&quot;bullets&quot;,&quot;autoplay&quot;:&quot;false&quot;,&quot;pause_on_hover&quot;:&quot;true&quot;,&quot;pause_on_interaction&quot;:&quot;true&quot;,&quot;delay&quot;:5000,&quot;loop&quot;:&quot;true&quot;,&quot;speed&quot;:500}\">\n                <div class=\"pxl-swiper-wrapper\">\n                                                <div class=\"pxl-swiper-slide\">\n                <div class=\"pxl-item--inner\" data-wow-duration=\"1.2s\">\n                                            <div class=\"item--featured\">\n                            <a href=\"https:\/\/tayspavn.com\/ru\/vi-sao-nen-cham-soc-da-dinh-ky-tai-spa\/\">\n                                <img fetchpriority=\"high\" decoding=\"async\" class=\"\" src=\"https:\/\/tayspavn.com\/wp-content\/uploads\/2026\/02\/istockphoto-921797424-612x612-1-600x400.jpg\" width=\"600\" height=\"400\" alt=\"nail-xinh-don-gian-7\" title=\"nail-xinh-don-gian-7\" \/>                            <\/a>\n                        <\/div>\n                                        <div class=\"item--holder\">\n                                                    <ul class=\"pxl-meta--post\">\n                                                                    <li class=\"item--category\">\n                                        <a href=\"https:\/\/tayspavn.com\/ru\/blog\/\" rel=\"tag\">\u041d\u043e\u0432\u043e\u0441\u0442\u0438<\/a>                                    <\/li>\n                                                                                                    <li class=\"item--date\">12\/02\/2026<\/li>\n                                                                                            <\/ul>\n                                                <h3 class=\"pxl-item--title\"><a href=\"https:\/\/tayspavn.com\/ru\/vi-sao-nen-cham-soc-da-dinh-ky-tai-spa\/\">\u041f\u043e\u0447\u0435\u043c\u0443 \u0441\u0442\u043e\u0438\u0442 \u0440\u0435\u0433\u0443\u043b\u044f\u0440\u043d\u043e \u0443\u0445\u0430\u0436\u0438\u0432\u0430\u0442\u044c \u0437\u0430 \u043a\u043e\u0436\u0435\u0439 \u0432 \u0441\u043f\u0430-\u0441\u0430\u043b\u043e\u043d\u0435?<\/a><\/h3>\n                                                    <div class=\"pxl-item--content\">\n                                                            <\/div>\n                                                <div class=\"pxl-meta-bottom\">\n                                                            <a class=\"btn-showmore\" href=\"https:\/\/tayspavn.com\/ru\/vi-sao-nen-cham-soc-da-dinh-ky-tai-spa\/\">\n                                    <span>istockphoto-921797424-612x612<\/span>\n                                <\/a>\n                                                    <\/div>\n                    <\/div>\n                <\/div>\n                            <\/div>\n                                                                        <div class=\"pxl-swiper-slide\">\n                <div class=\"pxl-item--inner\" data-wow-duration=\"1.2s\">\n                                            <div class=\"item--featured\">\n                            <a href=\"https:\/\/tayspavn.com\/ru\/xu-huong-cham-soc-va-lam-dep-mong-hien-dai-bi-quyet-de-doi-tay-luon-noi-bat\/\">\n                                <img decoding=\"async\" class=\"\" src=\"https:\/\/tayspavn.com\/wp-content\/uploads\/2026\/02\/nail-xinh-don-gian-7-600x400.webp\" width=\"600\" height=\"400\" alt=\"cham-soc-da-1-1704868931817515161230\" title=\"cham-soc-da-1-1704868931817515161230\" \/>                            <\/a>\n                        <\/div>\n                                        <div class=\"item--holder\">\n                                                    <ul class=\"pxl-meta--post\">\n                                                                    <li class=\"item--category\">\n                                        <a href=\"https:\/\/tayspavn.com\/ru\/blog\/\" rel=\"tag\">\u041d\u043e\u0432\u043e\u0441\u0442\u0438<\/a>                                    <\/li>\n                                                                                                    <li class=\"item--date\">12\/02\/2026<\/li>\n                                                                                            <\/ul>\n                                                <h3 class=\"pxl-item--title\"><a href=\"https:\/\/tayspavn.com\/ru\/xu-huong-cham-soc-va-lam-dep-mong-hien-dai-bi-quyet-de-doi-tay-luon-noi-bat\/\">\u0421\u043e\u0432\u0440\u0435\u043c\u0435\u043d\u043d\u044b\u0435 \u0442\u0435\u043d\u0434\u0435\u043d\u0446\u0438\u0438 \u0432 \u0443\u0445\u043e\u0434\u0435 \u0437\u0430 \u043d\u043e\u0433\u0442\u044f\u043c\u0438 \u0438 \u0434\u0438\u0437\u0430\u0439\u043d\u0435 \u2014 \u0441\u0435\u043a\u0440\u0435\u0442 \u0442\u043e\u0433\u043e, \u043a\u0430\u043a \u0441\u0434\u0435\u043b\u0430\u0442\u044c \u0432\u0430\u0448\u0438 \u0440\u0443\u043a\u0438 \u0432\u0441\u0435\u0433\u0434\u0430 \u0437\u0430\u043c\u0435\u0442\u043d\u044b\u043c\u0438<\/a><\/h3>\n                                                    <div class=\"pxl-item--content\">\n                                                            <\/div>\n                                                <div class=\"pxl-meta-bottom\">\n                                                            <a class=\"btn-showmore\" href=\"https:\/\/tayspavn.com\/ru\/xu-huong-cham-soc-va-lam-dep-mong-hien-dai-bi-quyet-de-doi-tay-luon-noi-bat\/\">\n                                    <span>istockphoto-921797424-612x612<\/span>\n                                <\/a>\n                                                    <\/div>\n                    <\/div>\n                <\/div>\n                            <\/div>\n                                                                        <div class=\"pxl-swiper-slide\">\n                <div class=\"pxl-item--inner\" data-wow-duration=\"1.2s\">\n                                            <div class=\"item--featured\">\n                            <a href=\"https:\/\/tayspavn.com\/ru\/5-buoc-cham-soc-da-co-ban-giup-da-luon-khoe-va-sang-min\/\">\n                                <img decoding=\"async\" class=\"\" src=\"https:\/\/tayspavn.com\/wp-content\/uploads\/2026\/02\/cham-soc-da-1-1704868931817515161230-600x400.jpg\" width=\"600\" height=\"400\" alt=\"uhod-za-kozhey-1-1704868931817515161230\" title=\"uhod-za-kozhey-1-1704868931817515161230\" \/>                            <\/a>\n                        <\/div>\n                                        <div class=\"item--holder\">\n                                                    <ul class=\"pxl-meta--post\">\n                                                                    <li class=\"item--category\">\n                                        <a href=\"https:\/\/tayspavn.com\/ru\/blog\/\" rel=\"tag\">\u041d\u043e\u0432\u043e\u0441\u0442\u0438<\/a>                                    <\/li>\n                                                                                                    <li class=\"item--date\">12\/02\/2026<\/li>\n                                                                                            <\/ul>\n                                                <h3 class=\"pxl-item--title\"><a href=\"https:\/\/tayspavn.com\/ru\/5-buoc-cham-soc-da-co-ban-giup-da-luon-khoe-va-sang-min\/\">5 \u0431\u0430\u0437\u043e\u0432\u044b\u0445 \u0448\u0430\u0433\u043e\u0432 \u043f\u043e \u0443\u0445\u043e\u0434\u0443 \u0437\u0430 \u043a\u043e\u0436\u0435\u0439 \u0434\u043b\u044f \u0441\u043e\u0445\u0440\u0430\u043d\u0435\u043d\u0438\u044f \u0435\u0435 \u0437\u0434\u043e\u0440\u043e\u0432\u044c\u044f \u0438 \u0441\u0438\u044f\u043d\u0438\u044f<\/a><\/h3>\n                                                    <div class=\"pxl-item--content\">\n                                                            <\/div>\n                                                <div class=\"pxl-meta-bottom\">\n                                                            <a class=\"btn-showmore\" href=\"https:\/\/tayspavn.com\/ru\/5-buoc-cham-soc-da-co-ban-giup-da-luon-khoe-va-sang-min\/\">\n                                    <span>istockphoto-921797424-612x612<\/span>\n                                <\/a>\n                                                    <\/div>\n                    <\/div>\n                <\/div>\n                            <\/div>\n                                                            <\/div> \n            <\/div>\n                                <\/div>\n    <\/div>\n\t\t\t\t<\/div>\n\t\t\t\t<\/div>\n\t\t            <\/div>\r\n        <\/div>\r\n        \t\t\t<\/div>\n\t\t<\/section>\n\t\t\t\t<\/div>","protected":false},"excerpt":{"rendered":"<p>Tin T\u1ee9c Tin t\u1ee9c Chia s\u1ebb v\u1ec1 l\u00e0m \u0111\u1eb9p &#038; ch\u0103m s\u00f3c da Tin T\u1ee9c Th\u00e1ng 2 12, 2026 V\u00ec sao n\u00ean ch\u0103m s\u00f3c da \u0111\u1ecbnh k\u1ef3 t\u1ea1i spa? \u0110\u1ecdc ti\u1ebfp Tin T\u1ee9c Th\u00e1ng 2 12, 2026 Xu h\u01b0\u1edbng ch\u0103m s\u00f3c v\u00e0 l\u00e0m \u0111\u1eb9p m\u00f3ng hi\u1ec7n \u0111\u1ea1i \u2013 B\u00ed quy\u1ebft \u0111\u1ec3 \u0111\u00f4i tay lu\u00f4n n\u1ed5i [&hellip;]<\/p>\n","protected":false},"author":1,"featured_media":0,"parent":0,"menu_order":0,"comment_status":"closed","ping_status":"closed","template":"","meta":{"footnotes":""},"class_list":["post-14391","page","type-page","status-publish","hentry"],"_links":{"self":[{"href":"https:\/\/tayspavn.com\/ru\/wp-json\/wp\/v2\/pages\/14391","targetHints":{"allow":["GET"]}}],"collection":[{"href":"https:\/\/tayspavn.com\/ru\/wp-json\/wp\/v2\/pages"}],"about":[{"href":"https:\/\/tayspavn.com\/ru\/wp-json\/wp\/v2\/types\/page"}],"author":[{"embeddable":true,"href":"https:\/\/tayspavn.com\/ru\/wp-json\/wp\/v2\/users\/1"}],"replies":[{"embeddable":true,"href":"https:\/\/tayspavn.com\/ru\/wp-json\/wp\/v2\/comments?post=14391"}],"version-history":[{"count":11,"href":"https:\/\/tayspavn.com\/ru\/wp-json\/wp\/v2\/pages\/14391\/revisions"}],"predecessor-version":[{"id":14425,"href":"https:\/\/tayspavn.com\/ru\/wp-json\/wp\/v2\/pages\/14391\/revisions\/14425"}],"wp:attachment":[{"href":"https:\/\/tayspavn.com\/ru\/wp-json\/wp\/v2\/media?parent=14391"}],"curies":[{"name":"wp","href":"https:\/\/api.w.org\/{rel}","templated":true}]}}