{"id":13904,"date":"2026-02-09T17:44:04","date_gmt":"2026-02-09T17:44:04","guid":{"rendered":"https:\/\/tayspavn.com\/?page_id=13904"},"modified":"2026-02-12T08:57:50","modified_gmt":"2026-02-12T08:57:50","slug":"kontakty","status":"publish","type":"page","link":"https:\/\/tayspavn.com\/ru\/lien-he\/","title":{"rendered":"\u041a\u043e\u043d\u0442\u0430\u043a\u0442\u044b"},"content":{"rendered":"<div data-elementor-type=\"wp-page\" data-elementor-id=\"13904\" class=\"elementor elementor-13904\" data-elementor-post-type=\"page\">\n\t\t\t\t        <section class=\"elementor-section elementor-top-section elementor-element elementor-element-366f18e elementor-section-boxed elementor-section-height-default elementor-section-height-default pxl-type-header-none pxl-bg-color-none pxl-row-scroll-none\" data-id=\"366f18e\" data-element_type=\"section\" data-e-type=\"section\" data-settings=\"{&quot;background_background&quot;:&quot;classic&quot;}\">\n\n                            <div class=\"elementor-background-overlay\"><\/div>\n            \n                <div class=\"elementor-container elementor-column-gap-extended\">\n                <div class=\"elementor-column elementor-col-100 elementor-top-column elementor-element elementor-element-d911074 pxl-column-none\" data-id=\"d911074\" data-element_type=\"column\" data-e-type=\"column\">\r\n        <div class=\"elementor-widget-wrap elementor-element-populated\">\r\n                     \r\n        \t\t<div class=\"elementor-element elementor-element-3ffc034 elementor-widget elementor-widget-pxl_heading\" data-id=\"3ffc034\" data-element_type=\"widget\" data-e-type=\"widget\" data-widget_type=\"pxl_heading.default\">\n\t\t\t\t<div class=\"elementor-widget-container\">\n\t\t\t\t\t<div class=\"pxl-heading\">\n\t<div class=\"pxl-heading--inner\">\n\t\t<h1 class=\"pxl-item--title\" data-wow-delay=\"ms\">\n\t\t\t\u041a\u043e\u043d\u0442\u0430\u043a\u0442\u044b\t\t\n\t\t<\/h1>\n\t\t\t<\/div>\n<\/div>\t\t\t\t<\/div>\n\t\t\t\t<\/div>\n\t\t            <\/div>\r\n        <\/div>\r\n        \t\t\t<\/div>\n\t\t<\/section>\n\t\t<div class=\"elementor-element elementor-element-79f2e85 e-con-full e-flex e-con e-parent\" data-id=\"79f2e85\" data-element_type=\"container\" data-e-type=\"container\" data-settings=\"{&quot;background_background&quot;:&quot;classic&quot;}\"><div class=\"elementor-element elementor-element-d480a07 e-con-full e-flex e-con e-child\" data-id=\"d480a07\" data-element_type=\"container\" data-e-type=\"container\" data-settings=\"{&quot;background_background&quot;:&quot;classic&quot;}\">\t\t<div class=\"elementor-element elementor-element-2decb3f elementor-hidden-tablet elementor-hidden-mobile_extra elementor-hidden-mobile elementor-widget elementor-widget-html\" data-id=\"2decb3f\" data-element_type=\"widget\" data-e-type=\"widget\" data-widget_type=\"html.default\">\n\t\t\t\t\t<iframe src=\"https:\/\/www.google.com\/maps\/embed?pb=!1m14!1m8!1m3!1d15606.151033054168!2d109.1656315!3d12.0752927!3m2!1i1024!2i768!4f13.1!3m3!1m2!1s0x3170f53ec25d2bd3%3A0x7fa9281d1dec8b2a!2zVMOCWSBTUEEgLSBSRUxBWCAmIEhFQUxUSCAtIO2DgOydtCDsiqTtjIw!5e0!3m2!1svi!2s!4v1770797926339!5m2!1svi!2s\" width=\"100%\" height=\"1000px\" style=\"border:0;\" allowfullscreen=\"\" loading=\"lazy\" referrerpolicy=\"no-referrer-when-downgrade\"><\/iframe>\t\t\t\t<\/div>\n\t\t\t\t<div class=\"elementor-element elementor-element-d2b2288 elementor-hidden-widescreen elementor-hidden-desktop elementor-hidden-laptop elementor-hidden-tablet_extra elementor-widget elementor-widget-html\" data-id=\"d2b2288\" data-element_type=\"widget\" data-e-type=\"widget\" data-widget_type=\"html.default\">\n\t\t\t\t\t<iframe src=\"https:\/\/www.google.com\/maps\/embed?pb=!1m14!1m8!1m3!1d15606.151033054168!2d109.1656315!3d12.0752927!3m2!1i1024!2i768!4f13.1!3m3!1m2!1s0x3170f53ec25d2bd3%3A0x7fa9281d1dec8b2a!2zVMOCWSBTUEEgLSBSRUxBWCAmIEhFQUxUSCAtIO2DgOydtCDsiqTtjIw!5e0!3m2!1svi!2s!4v1770797926339!5m2!1svi!2s\" width=\"100%\" height=\"400px\" style=\"border:0;\" allowfullscreen=\"\" loading=\"lazy\" referrerpolicy=\"no-referrer-when-downgrade\"><\/iframe>\t\t\t\t<\/div>\n\t\t\t\t<\/div>\r\n\t\t<div class=\"elementor-element elementor-element-d88d199 pd-column-rignt e-con-full e-flex e-con e-child\" data-id=\"d88d199\" data-element_type=\"container\" data-e-type=\"container\" data-settings=\"{&quot;background_background&quot;:&quot;classic&quot;}\">\t\t<div class=\"elementor-element elementor-element-6b4ac9a elementor-hidden-tablet elementor-hidden-mobile_extra elementor-hidden-mobile elementor-widget elementor-widget-pxl_text_editor\" data-id=\"6b4ac9a\" data-element_type=\"widget\" data-e-type=\"widget\" data-widget_type=\"pxl_text_editor.default\">\n\t\t\t\t<div class=\"elementor-widget-container\">\n\t\t\t\t\t<div class=\"pxl-text-editor\">\n\t<div class=\"pxl-item--inner\" data-wow-delay=\"ms\">\n\t\t<p>\u041f\u043e\u0441\u0435\u0442\u0438\u0442\u0435 \u043d\u0430\u0441<\/p>\t<\/div>\n<\/div>\t\t\t\t<\/div>\n\t\t\t\t<\/div>\n\t\t\t\t<div class=\"elementor-element elementor-element-98c6080 elementor-hidden-widescreen elementor-hidden-desktop elementor-hidden-laptop elementor-hidden-tablet_extra elementor-widget elementor-widget-pxl_text_editor\" data-id=\"98c6080\" data-element_type=\"widget\" data-e-type=\"widget\" data-widget_type=\"pxl_text_editor.default\">\n\t\t\t\t<div class=\"elementor-widget-container\">\n\t\t\t\t\t<div class=\"pxl-text-editor\">\n\t<div class=\"pxl-item--inner\" data-wow-delay=\"ms\">\n\t\t<p>\u041f\u043e\u0441\u0435\u0442\u0438\u0442\u0435 \u043d\u0430\u0441<\/p>\t<\/div>\n<\/div>\t\t\t\t<\/div>\n\t\t\t\t<\/div>\n\t\t\t\t<div class=\"elementor-element elementor-element-6d4d4f7 elementor-widget elementor-widget-pxl_heading\" data-id=\"6d4d4f7\" data-element_type=\"widget\" data-e-type=\"widget\" data-widget_type=\"pxl_heading.default\">\n\t\t\t\t<div class=\"elementor-widget-container\">\n\t\t\t\t\t<div class=\"pxl-heading\">\n\t<div class=\"pxl-heading--inner\">\n\t\t<h3 class=\"pxl-item--title\" data-wow-delay=\"ms\">\n\t\t\t\t\t\t\t\t<span class=\"pxl-item--text\">\n\t\t\t            <span class=\"pxl-text--slide\"><span class=\"wow letter\">\u041a\u043e\u043d\u0442\u0430\u043a\u0442\u043d\u0430\u044f<\/span><\/span> <span class=\"pxl-text--slide\"><span class=\"wow letter\">\u0438\u043d\u0444\u043e\u0440\u043c\u0430\u0446\u0438\u044f<\/span><\/span> <span class=\"pxl-text--slide\"><span class=\"wow letter\">\u0441\u0432\u044f\u0437\u0430\u0442\u044c\u0441\u044f<\/span><\/span> <span class=\"pxl-text--slide\"><span class=\"wow letter\">\u0441 \u043d\u0430\u043c\u0438<\/span><\/span>\t\t\t        <\/span>\n\t\t\t\t\t\t\n\t\t<\/h3>\n\t\t\t\t\t<div class=\"pxl-item--subtitle\" data-wow-delay=\"ms\"><span>\u041c\u044b \u0431\u0443\u0434\u0435\u043c \u0440\u0430\u0434\u044b \u0432\u044b\u0441\u043b\u0443\u0448\u0430\u0442\u044c \u0432\u0430\u0441 \u0438 \u043f\u0440\u0438\u0432\u0435\u0442\u0441\u0442\u0432\u043e\u0432\u0430\u0442\u044c \u043b\u0438\u0447\u043d\u043e \u0432 T\u00e2y Spa. \u041d\u0438\u0436\u0435 \u043f\u0440\u0435\u0434\u0441\u0442\u0430\u0432\u043b\u0435\u043d\u0430 \u043a\u043e\u043d\u0442\u0430\u043a\u0442\u043d\u0430\u044f \u0438\u043d\u0444\u043e\u0440\u043c\u0430\u0446\u0438\u044f \u0438 \u0430\u0434\u0440\u0435\u0441, \u0447\u0442\u043e\u0431\u044b \u0432\u044b \u043c\u043e\u0433\u043b\u0438 \u043b\u0435\u0433\u043a\u043e \u043d\u0430\u0441 \u043d\u0430\u0439\u0442\u0438 \u0438 \u0432 \u043f\u043e\u043b\u043d\u043e\u0439 \u043c\u0435\u0440\u0435 \u043d\u0430\u0441\u043b\u0430\u0434\u0438\u0442\u044c\u0441\u044f \u043d\u0430\u0448\u0438\u043c\u0438 \u0443\u0441\u043b\u0443\u0433\u0430\u043c\u0438.<\/span><\/div>\n\t\t\t<\/div>\n<\/div>\t\t\t\t<\/div>\n\t\t\t\t<\/div>\n\t\t<div class=\"elementor-element elementor-element-ed90141 e-con-full e-flex e-con e-child\" data-id=\"ed90141\" data-element_type=\"container\" data-e-type=\"container\"><div class=\"elementor-element elementor-element-a096ef4 e-con-full e-flex e-con e-child\" data-id=\"a096ef4\" data-element_type=\"container\" data-e-type=\"container\">\t\t<div class=\"elementor-element elementor-element-ed7cea8 elementor-widget elementor-widget-pxl_heading\" data-id=\"ed7cea8\" data-element_type=\"widget\" data-e-type=\"widget\" data-widget_type=\"pxl_heading.default\">\n\t\t\t\t<div class=\"elementor-widget-container\">\n\t\t\t\t\t<div class=\"pxl-heading\">\n\t<div class=\"pxl-heading--inner\">\n\t\t<h3 class=\"pxl-item--title\" data-wow-delay=\"ms\">\n\t\t\t\u0410\u0434\u0440\u0435\u0441\t\t\n\t\t<\/h3>\n\t\t\t<\/div>\n<\/div>\t\t\t\t<\/div>\n\t\t\t\t<\/div>\n\t\t\t\t<div class=\"elementor-element elementor-element-526a5d8 elementor-widget elementor-widget-pxl_text_editor\" data-id=\"526a5d8\" data-element_type=\"widget\" data-e-type=\"widget\" data-widget_type=\"pxl_text_editor.default\">\n\t\t\t\t<div class=\"elementor-widget-container\">\n\t\t\t\t\t<div class=\"pxl-text-editor\">\n\t<div class=\"pxl-item--inner\" data-wow-delay=\"ms\">\n\t\t<p><a href=\"https:\/\/maps.app.goo.gl\/RvmroNhsnHyHPtkU8\" target=\"_blank\" rel=\"noopener\">\u0414\u0438\u043d\u044c \u0422\u044c\u0435\u043d \u0425\u043e\u0430\u043d\u0433, \u041a\u0430\u043c \u0425\u0430\u0439 \u0422\u0430\u0439, \u041a\u0430\u043c \u041b\u0430\u043c, \u041a\u0445\u0430\u043d\u044c\u0445\u043e\u0430<\/a><\/p>\t<\/div>\n<\/div>\t\t\t\t<\/div>\n\t\t\t\t<\/div>\n\t\t\t\t<div class=\"elementor-element elementor-element-a4eb538 elementor-hidden-mobile_extra elementor-hidden-mobile elementor-widget elementor-widget-pxl_heading\" data-id=\"a4eb538\" data-element_type=\"widget\" data-e-type=\"widget\" data-widget_type=\"pxl_heading.default\">\n\t\t\t\t<div class=\"elementor-widget-container\">\n\t\t\t\t\t<div class=\"pxl-heading\">\n\t<div class=\"pxl-heading--inner\">\n\t\t<h3 class=\"pxl-item--title\" data-wow-delay=\"ms\">\n\t\t\tKakaotalk\t\t\n\t\t<\/h3>\n\t\t\t<\/div>\n<\/div>\t\t\t\t<\/div>\n\t\t\t\t<\/div>\n\t\t\t\t<div class=\"elementor-element elementor-element-d05dc2f elementor-hidden-mobile_extra elementor-hidden-mobile elementor-widget elementor-widget-pxl_text_editor\" data-id=\"d05dc2f\" data-element_type=\"widget\" data-e-type=\"widget\" data-widget_type=\"pxl_text_editor.default\">\n\t\t\t\t<div class=\"elementor-widget-container\">\n\t\t\t\t\t<div class=\"pxl-text-editor\">\n\t<div class=\"pxl-item--inner\" data-wow-delay=\"ms\">\n\t\t<p><a href=\"https:\/\/open.kakao.com\/o\/sN6L0x8h\" target=\"_blank\" rel=\"noopener\">0931 180 369<\/a><\/p>\t<\/div>\n<\/div>\t\t\t\t<\/div>\n\t\t\t\t<\/div>\n\t\t\t\t<\/div>\r\n\t\t<div class=\"elementor-element elementor-element-dd352b6 e-con-full e-flex e-con e-child\" data-id=\"dd352b6\" data-element_type=\"container\" data-e-type=\"container\">\t\t<div class=\"elementor-element elementor-element-f5bb41b elementor-widget elementor-widget-pxl_heading\" data-id=\"f5bb41b\" data-element_type=\"widget\" data-e-type=\"widget\" data-widget_type=\"pxl_heading.default\">\n\t\t\t\t<div class=\"elementor-widget-container\">\n\t\t\t\t\t<div class=\"pxl-heading\">\n\t<div class=\"pxl-heading--inner\">\n\t\t<h3 class=\"pxl-item--title\" data-wow-delay=\"ms\">\n\t\t\t\u0427\u0430\u0441\u044b \u0440\u0430\u0431\u043e\u0442\u044b\t\t\n\t\t<\/h3>\n\t\t\t<\/div>\n<\/div>\t\t\t\t<\/div>\n\t\t\t\t<\/div>\n\t\t\t\t<div class=\"elementor-element elementor-element-dac5aa7 elementor-widget elementor-widget-pxl_text_editor\" data-id=\"dac5aa7\" data-element_type=\"widget\" data-e-type=\"widget\" data-widget_type=\"pxl_text_editor.default\">\n\t\t\t\t<div class=\"elementor-widget-container\">\n\t\t\t\t\t<div class=\"pxl-text-editor\">\n\t<div class=\"pxl-item--inner\" data-wow-delay=\"ms\">\n\t\t<p>\u041f\u043e\u043d\u0435\u0434\u0435\u043b\u044c\u043d\u0438\u043a \u2013 \u0412\u043e\u0441\u043a\u0440\u0435\u0441\u0435\u043d\u044c\u0435:<br \/>\u041e\u0442\u043a\u0440\u044b\u0442\u043e \u0432\u0435\u0441\u044c \u0434\u0435\u043d\u044c<\/p>\t<\/div>\n<\/div>\t\t\t\t<\/div>\n\t\t\t\t<\/div>\n\t\t\t\t<div class=\"elementor-element elementor-element-98993a7 elementor-hidden-mobile_extra elementor-hidden-mobile elementor-widget elementor-widget-pxl_heading\" data-id=\"98993a7\" data-element_type=\"widget\" data-e-type=\"widget\" data-widget_type=\"pxl_heading.default\">\n\t\t\t\t<div class=\"elementor-widget-container\">\n\t\t\t\t\t<div class=\"pxl-heading\">\n\t<div class=\"pxl-heading--inner\">\n\t\t<h3 class=\"pxl-item--title\" data-wow-delay=\"ms\">\n\t\t\tWhatsapp\t\t\n\t\t<\/h3>\n\t\t\t<\/div>\n<\/div>\t\t\t\t<\/div>\n\t\t\t\t<\/div>\n\t\t\t\t<div class=\"elementor-element elementor-element-7984776 elementor-hidden-mobile_extra elementor-hidden-mobile elementor-widget elementor-widget-pxl_text_editor\" data-id=\"7984776\" data-element_type=\"widget\" data-e-type=\"widget\" data-widget_type=\"pxl_text_editor.default\">\n\t\t\t\t<div class=\"elementor-widget-container\">\n\t\t\t\t\t<div class=\"pxl-text-editor\">\n\t<div class=\"pxl-item--inner\" data-wow-delay=\"ms\">\n\t\t<p><a href=\"https:\/\/wa.me\/0978619420\" target=\"_blank\" rel=\"noopener\">0978 619 420<\/a><\/p>\t<\/div>\n<\/div>\t\t\t\t<\/div>\n\t\t\t\t<\/div>\n\t\t\t\t<\/div>\r\n\t\t\t\t<\/div>\r\n\t\t\t\t<div class=\"elementor-element elementor-element-70c2c89 elementor-widget elementor-widget-pxl_button\" data-id=\"70c2c89\" data-element_type=\"widget\" data-e-type=\"widget\" data-widget_type=\"pxl_button.default\">\n\t\t\t\t<div class=\"elementor-widget-container\">\n\t\t\t\t\t<div class=\"pxl-button\">\r\n    <a class=\"btn  btn-style2  pxl-icon--right\" href=\"\/ru\/zabronirovat\/\" data-wow-delay=\"ms\">\r\n                <span class=\"pxl--btn-text\" data-text=\"\u0110\u1eb6T L\u1ecaCH ONLINE\">\r\n            \u041e\u041d\u041b\u0410\u0419\u041d \u0417\u0410\u041f\u0418\u0421\u042c        <\/span>\r\n    <\/a>\r\n<\/div>\t\t\t\t<\/div>\n\t\t\t\t<\/div>\n\t\t\t\t<\/div>\r\n\t\t\t\t<\/div>\r\n\t\t\t\t<\/div>","protected":false},"excerpt":{"rendered":"<p>Li\u00ean H\u1ec7 Gh\u00e9 th\u0103m ch\u00fang t\u00f4i Gh\u00e9 th\u0103m ch\u00fang t\u00f4i Th\u00f4ng tin li\u00ean h\u1ec7 Ch\u00fang t\u00f4i r\u1ea5t h\u00e2n h\u1ea1nh \u0111\u01b0\u1ee3c l\u1eafng nghe v\u00e0 ch\u00e0o \u0111\u00f3n b\u1ea1n tr\u1ef1c ti\u1ebfp t\u1ea1i T\u00e2y Spa. D\u01b0\u1edbi \u0111\u00e2y l\u00e0 th\u00f4ng tin li\u00ean h\u1ec7 v\u00e0 \u0111\u1ecba ch\u1ec9 \u0111\u1ec3 b\u1ea1n d\u1ec5 d\u00e0ng t\u00ecm \u0111\u1ebfn v\u00e0 tr\u1ea3i nghi\u1ec7m d\u1ecbch v\u1ee5 m\u1ed9t c\u00e1ch tr\u1ecdn [&hellip;]<\/p>\n","protected":false},"author":1,"featured_media":0,"parent":0,"menu_order":0,"comment_status":"closed","ping_status":"closed","template":"","meta":{"footnotes":""},"class_list":["post-13904","page","type-page","status-publish","hentry"],"_links":{"self":[{"href":"https:\/\/tayspavn.com\/ru\/wp-json\/wp\/v2\/pages\/13904","targetHints":{"allow":["GET"]}}],"collection":[{"href":"https:\/\/tayspavn.com\/ru\/wp-json\/wp\/v2\/pages"}],"about":[{"href":"https:\/\/tayspavn.com\/ru\/wp-json\/wp\/v2\/types\/page"}],"author":[{"embeddable":true,"href":"https:\/\/tayspavn.com\/ru\/wp-json\/wp\/v2\/users\/1"}],"replies":[{"embeddable":true,"href":"https:\/\/tayspavn.com\/ru\/wp-json\/wp\/v2\/comments?post=13904"}],"version-history":[{"count":37,"href":"https:\/\/tayspavn.com\/ru\/wp-json\/wp\/v2\/pages\/13904\/revisions"}],"predecessor-version":[{"id":14375,"href":"https:\/\/tayspavn.com\/ru\/wp-json\/wp\/v2\/pages\/13904\/revisions\/14375"}],"wp:attachment":[{"href":"https:\/\/tayspavn.com\/ru\/wp-json\/wp\/v2\/media?parent=13904"}],"curies":[{"name":"wp","href":"https:\/\/api.w.org\/{rel}","templated":true}]}}